{"id":3,"date":"2025-11-13T15:16:12","date_gmt":"2025-11-13T15:16:12","guid":{"rendered":"https:\/\/ttbb.rexturbohosting.com\/?page_id=3"},"modified":"2026-02-26T09:38:54","modified_gmt":"2026-02-26T09:38:54","slug":"privacybeleid","status":"publish","type":"page","link":"https:\/\/ttbb.rexturbohosting.com\/pt\/privacybeleid\/","title":{"rendered":"pol\u00edtica de Privacidade"},"content":{"rendered":"<div data-elementor-type=\"wp-page\" data-elementor-id=\"3\" class=\"elementor elementor-3\" data-elementor-post-type=\"page\">\n\t\t\t\t<div class=\"elementor-element elementor-element-c4d19af e-flex e-con-boxed e-con e-parent\" data-id=\"c4d19af\" data-element_type=\"container\" data-e-type=\"container\">\n\t\t\t\t\t<div class=\"e-con-inner\">\n\t\t\t\t<div class=\"elementor-element elementor-element-4ae9a308 elementor-widget elementor-widget-text-editor\" data-id=\"4ae9a308\" data-element_type=\"widget\" data-e-type=\"widget\" data-widget_type=\"text-editor.default\">\n\t\t\t\t\t\t\t\t\t\n<p style=\"font-weight: 400;\"><em>\u00daltima atualiza\u00e7\u00e3o: dezembro de 2025<\/em><\/p>\n<p style=\"font-weight: 400;\">Tsjing Tsjing Bai Bai \u00e9 uma cl\u00ednica de acupuntura com apenas um profissional. Esta declara\u00e7\u00e3o de privacidade explica, de forma simples, quais informa\u00e7\u00f5es utilizamos sobre voc\u00ea e por qu\u00ea.<\/p>\n<p style=\"font-weight: 400;\"><strong>Quem somos n\u00f3s?<\/strong><\/p>\n<p style=\"font-weight: 400;\">Tsjing Tsjing Bai Bai \u00e9 uma empresa individual. O profissional tamb\u00e9m \u00e9 respons\u00e1vel pelos seus dados.<\/p>\n<p style=\"font-weight: 400;\">Contato:<\/p>\n<ul style=\"font-weight: 400;\">\n<li>Nome da pr\u00e1tica: Tsjing Tsjing Bai Bai<\/li>\n<li>Endere\u00e7o: Schoutstraat 36, 5165 VT Waspik<\/li>\n<li>E-mail: info@tsjingtsjingbaibai.nl<\/li>\n<li>Telefone: 06-23 01 13 01<\/li>\n<\/ul>\n<p>\u00a0<\/p>\n<p><strong>Que informa\u00e7\u00f5es suas utilizamos?<\/strong><\/p>\n<p style=\"font-weight: 400;\">Utilizamos apenas os dados necess\u00e1rios para lhe proporcionar o tratamento adequado e para agendar consultas. Isso inclui:<\/p>\n<ul style=\"font-weight: 400;\">\n<li>Nome e sobrenome<\/li>\n<li>Detalhes do endere\u00e7o<\/li>\n<li>N\u00famero de telefone<\/li>\n<li>Endere\u00e7o de email<\/li>\n<li>Data de nascimento<\/li>\n<li>Informa\u00e7\u00f5es sobre sua sa\u00fade que voc\u00ea compartilha conosco durante a consulta inicial ou o tratamento.<\/li>\n<li>Detalhes de pagamento (por exemplo, para faturas e administra\u00e7\u00e3o)<\/li>\n<\/ul>\n<p style=\"font-weight: 400;\">Seus dados de sa\u00fade est\u00e3o extremamente bem protegidos. N\u00f3s os tratamos com o m\u00e1ximo cuidado.<\/p>\n<p style=\"font-weight: 400;\"><strong>Por que usamos esses dados?<\/strong><\/p>\n<p style=\"font-weight: 400;\">Utilizamos seus dados para:<\/p>\n<ul style=\"font-weight: 400;\">\n<li>Agendamento, reagendamento e cancelamento de consultas.<\/li>\n<li>Realiza\u00e7\u00e3o de tratamentos de acupuntura<\/li>\n<li>Manter um arquivo de tratamento\/cliente (digital ou em papel)<\/li>\n<li>Envio de faturas e manuten\u00e7\u00e3o da nossa administra\u00e7\u00e3o.<\/li>\n<li>Responder a perguntas por e-mail, telefone ou outro canal.<\/li>\n<\/ul>\n<p style=\"font-weight: 400;\">N\u00e3o utilizaremos seus dados para outros fins sem antes discutir isso com voc\u00ea.<\/p>\n<p style=\"font-weight: 400;\"><strong>Por quanto tempo retemos seus dados?<\/strong><\/p>\n<p style=\"font-weight: 400;\">Conservamos os seus dados enquanto for cliente da nossa cl\u00ednica e apenas durante o per\u00edodo necess\u00e1rio. Os registos m\u00e9dicos est\u00e3o sujeitos a um per\u00edodo de conserva\u00e7\u00e3o legal, que cumprimos rigorosamente. Conservamos os dados administrativos (como faturas) durante o per\u00edodo exigido pela Autoridade Tribut\u00e1ria e Aduaneira dos Pa\u00edses Baixos. Ap\u00f3s esse per\u00edodo, eliminamos ou anonimizamos os dados.<\/p>\n<p style=\"font-weight: 400;\"><strong>Com quem compartilhamos seus dados?<\/strong><\/p>\n<p style=\"font-weight: 400;\">Em princ\u00edpio, n\u00e3o compartilhamos seus dados com terceiros. As exce\u00e7\u00f5es incluem:<\/p>\n<ul style=\"font-weight: 400;\">\n<li>Se voc\u00ea nos pedir explicitamente para compartilhar dados (por exemplo, com outro profissional de sa\u00fade)<\/li>\n<li>Se isso for legalmente exigido (por exemplo, pelas autoridades fiscais)<\/li>\n<li>Com os prestadores de servi\u00e7os que nos auxiliam (como um contador ou um provedor de servi\u00e7os de TI), estabelecemos acordos claros com eles em rela\u00e7\u00e3o \u00e0 confidencialidade e \u00e0 seguran\u00e7a.<\/li>\n<\/ul>\n<p style=\"font-weight: 400;\">Nunca utilizamos seus dados para fins comerciais.<\/p>\n<p style=\"font-weight: 400;\"><strong>Como protegemos seus dados?<\/strong><\/p>\n<p style=\"font-weight: 400;\">Adotamos medidas adequadas para proteger seus dados. Por exemplo:<\/p>\n<ul style=\"font-weight: 400;\">\n<li>Somente o profissional de sa\u00fade tem acesso ao seu prontu\u00e1rio.<\/li>\n<li>Usamos senhas fortes e, sempre que poss\u00edvel, medidas de seguran\u00e7a adicionais (como a verifica\u00e7\u00e3o em duas etapas).<\/li>\n<li>Documentos contendo informa\u00e7\u00f5es sens\u00edveis \u00e0 privacidade s\u00e3o armazenados com seguran\u00e7a e destru\u00eddos quando n\u00e3o s\u00e3o mais necess\u00e1rios.<\/li>\n<\/ul>\n<p>\u00a0<\/p>\n<p><strong>Cookies<\/strong><\/p>\n<p style=\"font-weight: 400;\">Nosso site utiliza apenas cookies funcionais e essenciais. Esses cookies s\u00e3o necess\u00e1rios para o funcionamento adequado do site, por exemplo, para garantir que as p\u00e1ginas carreguem corretamente.<\/p>\n<p style=\"font-weight: 400;\">N\u00e3o utilizamos esses cookies para rastre\u00e1-lo pessoalmente. Eles n\u00e3o cont\u00eam quaisquer dados pessoais e n\u00e3o compartilhamos esses dados com terceiros.<\/p>\n<p style=\"font-weight: 400;\">Como esses s\u00e3o apenas cookies funcionais e necess\u00e1rios, n\u00e3o \u00e9 preciso dar seu consentimento. N\u00e3o usamos cookies de rastreamento nem criamos perfis de visitantes.<\/p>\n<p style=\"font-weight: 400;\"><strong>Seus direitos de privacidade<\/strong><\/p>\n<p style=\"font-weight: 400;\">Ao abrigo do RGPD, voc\u00ea tem v\u00e1rios direitos. Por exemplo, voc\u00ea pode:<\/p>\n<ul style=\"font-weight: 400;\">\n<li>Veja os dados que temos sobre voc\u00ea.<\/li>\n<li>Solicita\u00e7\u00e3o de exclus\u00e3o de dados, se legalmente poss\u00edvel.<\/li>\n<\/ul>\n<p style=\"font-weight: 400;\">Se desejar exercer algum desses direitos, entre em contato conosco atrav\u00e9s das informa\u00e7\u00f5es de contato no in\u00edcio desta declara\u00e7\u00e3o. Teremos prazer em ajudar.<\/p>\n<p style=\"font-weight: 400;\"><strong>D\u00favidas ou reclama\u00e7\u00f5es<\/strong><\/p>\n<p style=\"font-weight: 400;\">Tem alguma d\u00favida sobre esta declara\u00e7\u00e3o de privacidade ou sobre os seus dados? Ou tem alguma reclama\u00e7\u00e3o? Faremos tudo o que estiver ao nosso alcance para resolver a situa\u00e7\u00e3o consigo. Por favor, contacte Tjsing Tsjing Bai Bai por e-mail ou telefone.<\/p>\t\t\t\t\t\t\t\t<\/div>\n\t\t\t\t\t<\/div>\n\t\t\t\t<\/div>\n\t\t\t\t<\/div>","protected":false},"excerpt":{"rendered":"<p>Laatst bijgewerkt: december 2025 Tsjing Tsjing Bai Bai is een acupunctuurpraktijk met \u00e9\u00e9n behandelaar. In deze privacyverklaring leggen we in eenvoudige taal uit welke gegevens we van je gebruiken en waarom. Wie zijn wij? Tsjing Tsjing Bai Bai is een eenmanszaak. De behandelaar is ook de persoon die verantwoordelijk is voor jouw gegevens. Contact: Praktijknaam: [&hellip;]<\/p>\n","protected":false},"author":3,"featured_media":0,"parent":0,"menu_order":0,"comment_status":"closed","ping_status":"open","template":"","meta":{"footnotes":""},"class_list":["post-3","page","type-page","status-publish","hentry"],"_links":{"self":[{"href":"https:\/\/ttbb.rexturbohosting.com\/pt\/wp-json\/wp\/v2\/pages\/3","targetHints":{"allow":["GET"]}}],"collection":[{"href":"https:\/\/ttbb.rexturbohosting.com\/pt\/wp-json\/wp\/v2\/pages"}],"about":[{"href":"https:\/\/ttbb.rexturbohosting.com\/pt\/wp-json\/wp\/v2\/types\/page"}],"author":[{"embeddable":true,"href":"https:\/\/ttbb.rexturbohosting.com\/pt\/wp-json\/wp\/v2\/users\/3"}],"replies":[{"embeddable":true,"href":"https:\/\/ttbb.rexturbohosting.com\/pt\/wp-json\/wp\/v2\/comments?post=3"}],"version-history":[{"count":10,"href":"https:\/\/ttbb.rexturbohosting.com\/pt\/wp-json\/wp\/v2\/pages\/3\/revisions"}],"predecessor-version":[{"id":1098,"href":"https:\/\/ttbb.rexturbohosting.com\/pt\/wp-json\/wp\/v2\/pages\/3\/revisions\/1098"}],"wp:attachment":[{"href":"https:\/\/ttbb.rexturbohosting.com\/pt\/wp-json\/wp\/v2\/media?parent=3"}],"curies":[{"name":"wp","href":"https:\/\/api.w.org\/{rel}","templated":true}]}}