{"id":116,"date":"2025-11-17T11:07:15","date_gmt":"2025-11-17T11:07:15","guid":{"rendered":"https:\/\/ttbb.rexturbohosting.com\/?page_id=116"},"modified":"2026-02-10T14:26:03","modified_gmt":"2026-02-10T14:26:03","slug":"over-mij","status":"publish","type":"page","link":"https:\/\/ttbb.rexturbohosting.com\/pt\/over-mij\/","title":{"rendered":"Sobre mim"},"content":{"rendered":"<div data-elementor-type=\"wp-page\" data-elementor-id=\"116\" class=\"elementor elementor-116\" data-elementor-post-type=\"page\">\n\t\t\t\t<div class=\"elementor-element elementor-element-19bdef4 e-flex e-con-boxed e-con e-parent\" data-id=\"19bdef4\" data-element_type=\"container\" data-e-type=\"container\" data-settings=\"{&quot;background_background&quot;:&quot;classic&quot;}\">\n\t\t\t\t\t<div class=\"e-con-inner\">\n\t\t<div class=\"elementor-element elementor-element-4f1d4c1 e-con-full e-flex e-con e-child\" data-id=\"4f1d4c1\" data-element_type=\"container\" data-e-type=\"container\">\n\t\t\t\t<div class=\"elementor-element elementor-element-8619363 elementor-widget elementor-widget-image\" data-id=\"8619363\" data-element_type=\"widget\" data-e-type=\"widget\" data-widget_type=\"image.default\">\n\t\t\t\t\t\t\t\t\t\t\t\t\t\t\t<img fetchpriority=\"high\" decoding=\"async\" width=\"800\" height=\"871\" src=\"https:\/\/ttbb.rexturbohosting.com\/wp-content\/uploads\/2025\/12\/Jildert_dockter_jas.jpg\" class=\"attachment-large size-large wp-image-803\" alt=\"\" srcset=\"https:\/\/ttbb.rexturbohosting.com\/wp-content\/uploads\/2025\/12\/Jildert_dockter_jas.jpg 940w, https:\/\/ttbb.rexturbohosting.com\/wp-content\/uploads\/2025\/12\/Jildert_dockter_jas-276x300.jpg 276w, https:\/\/ttbb.rexturbohosting.com\/wp-content\/uploads\/2025\/12\/Jildert_dockter_jas-768x836.jpg 768w, https:\/\/ttbb.rexturbohosting.com\/wp-content\/uploads\/2025\/12\/Jildert_dockter_jas-11x12.jpg 11w\" sizes=\"(max-width: 800px) 100vw, 800px\" \/>\t\t\t\t\t\t\t\t\t\t\t\t\t\t\t<\/div>\n\t\t\t\t<\/div>\n\t\t<div class=\"elementor-element elementor-element-0bfb534 e-con-full e-flex e-con e-child\" data-id=\"0bfb534\" data-element_type=\"container\" data-e-type=\"container\" data-settings=\"{&quot;background_background&quot;:&quot;classic&quot;}\">\n\t\t\t\t<div class=\"elementor-element elementor-element-5cf993f elementor-widget elementor-widget-heading\" data-id=\"5cf993f\" data-element_type=\"widget\" data-e-type=\"widget\" data-widget_type=\"heading.default\">\n\t\t\t\t\t<h1 class=\"elementor-heading-title elementor-size-default\">Conhe\u00e7a Jildert, acupunturista.<\/h1>\t\t\t\t<\/div>\n\t\t\t\t<div class=\"elementor-element elementor-element-978c65e elementor-widget elementor-widget-text-editor\" data-id=\"978c65e\" data-element_type=\"widget\" data-e-type=\"widget\" data-widget_type=\"text-editor.default\">\n\t\t\t\t\t\t\t\t\t<p>Sou Jildert, acupunturista por convic\u00e7\u00e3o e experi\u00eancia. Meu trabalho se baseia em aten\u00e7\u00e3o, precis\u00e3o e cuidado. Vou al\u00e9m dos sintomas e explico com clareza o que seu corpo precisa. Fa\u00e7o isso em um ambiente calmo e relaxante, oferecendo orienta\u00e7\u00e3o especializada. Meus clientes costumam me descrever como amig\u00e1vel e acess\u00edvel: algu\u00e9m que caminha ao lado deles em sua jornada rumo \u00e0 recupera\u00e7\u00e3o e a uma maior vitalidade.<\/p><p>Eu mesma tenho uma forma leve de autismo. Isso significa que sou sens\u00edvel a est\u00edmulos, mas tamb\u00e9m trabalho de forma estruturada, escuto com aten\u00e7\u00e3o e observo atentamente. Na pr\u00e1tica, isso me ajuda a prestar muita aten\u00e7\u00e3o ao que seu corpo e sistema nervoso est\u00e3o demonstrando e necessitando.<\/p><p>Conclu\u00ed minha forma\u00e7\u00e3o de quatro anos na Academia de Medicina Chinesa Qing-Bai em Amersfoort e Breda, onde me aprofundei nos princ\u00edpios cl\u00e1ssicos da medicina chinesa. Tamb\u00e9m obtive meu diploma em Fundamentos da Medicina Ocidental, o que me proporcionou uma base s\u00f3lida tanto em conhecimentos m\u00e9dicos tradicionais quanto modernos.<\/p><p>Na minha carreira anterior como consultor de TI, trabalhei em um ambiente exigente e de alto desempenho. O esporte me ajudou a manter o equil\u00edbrio por muito tempo; como triatleta, treinei intensamente. No entanto, durante um per\u00edodo de treinamento nos Alpes, sofri uma insola\u00e7\u00e3o, seguida de uma les\u00e3o e persistentes queixas f\u00edsicas e mentais. Essa combina\u00e7\u00e3o acabou me for\u00e7ando a abandonar meu trabalho como consultor de TI.<\/p><p>No per\u00edodo que se seguiu, surgiu um espa\u00e7o para reflex\u00e3o e recupera\u00e7\u00e3o. Descobri o qu\u00e3o essencial \u00e9 uma abordagem integrada e hol\u00edstica da sa\u00fade, na qual corpo e mente est\u00e3o intrinsecamente ligados.<\/p><p>O ponto de virada aconteceu quando comecei a receber tratamento de acupuntura. Ali, pela primeira vez, experimentei um al\u00edvio claro: mais espa\u00e7o no meu corpo, paz de esp\u00edrito e uma sensa\u00e7\u00e3o tang\u00edvel de recupera\u00e7\u00e3o e progresso. Essa experi\u00eancia formou a base para minha explora\u00e7\u00e3o posterior da medicina chinesa e para minha pr\u00e1tica atual.<\/p><p>Vejo a acupuntura como um processo cont\u00ednuo de aprendizado, aprofundamento e refinamento. Continuo a me aprimorar e a aprender com workshops e outros especialistas para otimizar ainda mais meus tratamentos.<\/p><p>Com esse conhecimento e minha pr\u00f3pria experi\u00eancia com sobrecarga, doen\u00e7as e recupera\u00e7\u00e3o, terei prazer em apoi\u00e1-lo(a). Caminharei ao seu lado com cuidado e experi\u00eancia, para que voc\u00ea possa trabalhar passo a passo rumo \u00e0 recupera\u00e7\u00e3o, resili\u00eancia e uma maior sensa\u00e7\u00e3o de liberdade em seu pr\u00f3prio corpo.<\/p>\t\t\t\t\t\t\t\t<\/div>\n\t\t\t\t<\/div>\n\t\t\t\t\t<\/div>\n\t\t\t\t<\/div>\n\t\t\t\t<\/div>","protected":false},"excerpt":{"rendered":"<p>Maak kennis met Jildert, acupuncturist Ik ben Jildert, acupuncturist uit overtuiging \u00e9n ervaring. In mijn werk staan aandacht, precisie en zorgvuldigheid centraal. Ik kijk verder dan alleen de klacht en leg in duidelijke taal uit wat je lichaam nodig heeft. Dat doe ik in alle rust en met deskundige begeleiding. Cli\u00ebnten omschrijven mij vaak als [&hellip;]<\/p>\n","protected":false},"author":1,"featured_media":0,"parent":0,"menu_order":0,"comment_status":"closed","ping_status":"closed","template":"","meta":{"footnotes":""},"class_list":["post-116","page","type-page","status-publish","hentry"],"_links":{"self":[{"href":"https:\/\/ttbb.rexturbohosting.com\/pt\/wp-json\/wp\/v2\/pages\/116","targetHints":{"allow":["GET"]}}],"collection":[{"href":"https:\/\/ttbb.rexturbohosting.com\/pt\/wp-json\/wp\/v2\/pages"}],"about":[{"href":"https:\/\/ttbb.rexturbohosting.com\/pt\/wp-json\/wp\/v2\/types\/page"}],"author":[{"embeddable":true,"href":"https:\/\/ttbb.rexturbohosting.com\/pt\/wp-json\/wp\/v2\/users\/1"}],"replies":[{"embeddable":true,"href":"https:\/\/ttbb.rexturbohosting.com\/pt\/wp-json\/wp\/v2\/comments?post=116"}],"version-history":[{"count":43,"href":"https:\/\/ttbb.rexturbohosting.com\/pt\/wp-json\/wp\/v2\/pages\/116\/revisions"}],"predecessor-version":[{"id":1063,"href":"https:\/\/ttbb.rexturbohosting.com\/pt\/wp-json\/wp\/v2\/pages\/116\/revisions\/1063"}],"wp:attachment":[{"href":"https:\/\/ttbb.rexturbohosting.com\/pt\/wp-json\/wp\/v2\/media?parent=116"}],"curies":[{"name":"wp","href":"https:\/\/api.w.org\/{rel}","templated":true}]}}