{"id":945,"date":"2026-01-02T15:04:39","date_gmt":"2026-01-02T15:04:39","guid":{"rendered":"https:\/\/ttbb.rexturbohosting.com\/?page_id=945"},"modified":"2026-02-25T15:16:40","modified_gmt":"2026-02-25T15:16:40","slug":"vergoeding-door-jouw-zorgverzekering","status":"publish","type":"page","link":"https:\/\/ttbb.rexturbohosting.com\/de\/vergoeding-door-jouw-zorgverzekering\/","title":{"rendered":"Erstattung durch Ihre Krankenversicherung"},"content":{"rendered":"<div data-elementor-type=\"wp-page\" data-elementor-id=\"945\" class=\"elementor elementor-945\" data-elementor-post-type=\"page\">\n\t\t\t\t<div class=\"elementor-element elementor-element-cce9de0 e-flex e-con-boxed e-con e-parent\" data-id=\"cce9de0\" data-element_type=\"container\" data-e-type=\"container\" data-settings=\"{&quot;background_background&quot;:&quot;classic&quot;}\">\n\t\t\t\t\t<div class=\"e-con-inner\">\n\t\t<div class=\"elementor-element elementor-element-05f608f e-con-full e-flex e-con e-child\" data-id=\"05f608f\" data-element_type=\"container\" data-e-type=\"container\">\n\t\t\t\t<div class=\"elementor-element elementor-element-309a9a0 elementor-widget elementor-widget-image\" data-id=\"309a9a0\" data-element_type=\"widget\" data-e-type=\"widget\" data-widget_type=\"image.default\">\n\t\t\t\t\t\t\t\t\t\t\t\t\t\t\t<img fetchpriority=\"high\" decoding=\"async\" width=\"800\" height=\"534\" src=\"https:\/\/ttbb.rexturbohosting.com\/wp-content\/uploads\/2026\/02\/ttbb-contact.png\" class=\"attachment-large size-large wp-image-1074\" alt=\"\" srcset=\"https:\/\/ttbb.rexturbohosting.com\/wp-content\/uploads\/2026\/02\/ttbb-contact.png 1024w, https:\/\/ttbb.rexturbohosting.com\/wp-content\/uploads\/2026\/02\/ttbb-contact-300x200.png 300w, https:\/\/ttbb.rexturbohosting.com\/wp-content\/uploads\/2026\/02\/ttbb-contact-768x512.png 768w, https:\/\/ttbb.rexturbohosting.com\/wp-content\/uploads\/2026\/02\/ttbb-contact-18x12.png 18w\" sizes=\"(max-width: 800px) 100vw, 800px\" \/>\t\t\t\t\t\t\t\t\t\t\t\t\t\t\t<\/div>\n\t\t\t\t<\/div>\n\t\t<div class=\"elementor-element elementor-element-b152b89 e-con-full e-flex e-con e-child\" data-id=\"b152b89\" data-element_type=\"container\" data-e-type=\"container\" data-settings=\"{&quot;background_background&quot;:&quot;classic&quot;}\">\n\t\t\t\t<div class=\"elementor-element elementor-element-7bc3275 elementor-widget elementor-widget-heading\" data-id=\"7bc3275\" data-element_type=\"widget\" data-e-type=\"widget\" data-widget_type=\"heading.default\">\n\t\t\t\t\t<h1 class=\"elementor-heading-title elementor-size-default\">Erstattung durch Ihre Krankenversicherung<\/h1>\t\t\t\t<\/div>\n\t\t\t\t<div class=\"elementor-element elementor-element-77bece6 elementor-widget elementor-widget-text-editor\" data-id=\"77bece6\" data-element_type=\"widget\" data-e-type=\"widget\" data-widget_type=\"text-editor.default\">\n\t\t\t\t\t\t\t\t\t<p class=\"p1\"><span class=\"s1\">Hier ist ein klarer Absatz dazu. <\/span><b>Kostenerstattung f\u00fcr Akupunktur durch die Krankenversicherung (NVA-Akupunkteure)<\/b><span class=\"s1\">:<\/span><\/p><p class=\"p3\"><span class=\"s2\"><b>In den Niederlanden wird Akupunktur oft (teilweise) von der privaten Zusatzversicherung erstattet, sofern die Behandlung von einem Akupunkteur durchgef\u00fchrt wird, der Mitglied der NVA (Niederl\u00e4ndischer Verband f\u00fcr Akupunktur) ist.<\/b><\/span> Krankenversicherungen erkennen die NVA als Qualit\u00e4tsregister an, was bedeutet, dass Konsultationen bei NVA-Mitgliedern \u00fcber die meisten Zusatzversicherungen ohne \u00dcberweisung vom Hausarzt abgerechnet werden k\u00f6nnen. Die Erstattungsh\u00f6he variiert je nach Versicherung und Leistungspaket: Einige erstatten einen festen Betrag pro Tag oder pro Behandlung, andere decken ein maximales Jahresbudget ab. Behandlungen sind abgedeckt. <span class=\"s2\"><b>nicht<\/b><\/span> Unterhalb der Selbstbeteiligung, da es sich um Zusatzleistungen handelt. Daher ist es ratsam, die Versicherungsbedingungen im Voraus zu pr\u00fcfen, um \u00dcberraschungen zu vermeiden.<\/p>\t\t\t\t\t\t\t\t<\/div>\n\t\t\t\t<\/div>\n\t\t\t\t\t<\/div>\n\t\t\t\t<\/div>\n\t\t\t\t<\/div>","protected":false},"excerpt":{"rendered":"<p>Vergoeding door jouw zorgverzekering\u200b Hier is een duidelijke paragraaf over vergoeding van acupunctuur door de zorgverzekering (NVA-acupuncturisten): Acupunctuur wordt in Nederland vaak (gedeeltelijk) vergoed vanuit de aanvullende zorgverzekering, mits de behandeling wordt uitgevoerd door een acupuncturist die is aangesloten bij de NVA (Nederlandse Vereniging voor Acupunctuur). Zorgverzekeraars erkennen de NVA als een kwaliteitsregister, waardoor consulten [&hellip;]<\/p>\n","protected":false},"author":3,"featured_media":0,"parent":0,"menu_order":0,"comment_status":"closed","ping_status":"closed","template":"","meta":{"footnotes":""},"class_list":["post-945","page","type-page","status-publish","hentry"],"_links":{"self":[{"href":"https:\/\/ttbb.rexturbohosting.com\/de\/wp-json\/wp\/v2\/pages\/945","targetHints":{"allow":["GET"]}}],"collection":[{"href":"https:\/\/ttbb.rexturbohosting.com\/de\/wp-json\/wp\/v2\/pages"}],"about":[{"href":"https:\/\/ttbb.rexturbohosting.com\/de\/wp-json\/wp\/v2\/types\/page"}],"author":[{"embeddable":true,"href":"https:\/\/ttbb.rexturbohosting.com\/de\/wp-json\/wp\/v2\/users\/3"}],"replies":[{"embeddable":true,"href":"https:\/\/ttbb.rexturbohosting.com\/de\/wp-json\/wp\/v2\/comments?post=945"}],"version-history":[{"count":13,"href":"https:\/\/ttbb.rexturbohosting.com\/de\/wp-json\/wp\/v2\/pages\/945\/revisions"}],"predecessor-version":[{"id":1094,"href":"https:\/\/ttbb.rexturbohosting.com\/de\/wp-json\/wp\/v2\/pages\/945\/revisions\/1094"}],"wp:attachment":[{"href":"https:\/\/ttbb.rexturbohosting.com\/de\/wp-json\/wp\/v2\/media?parent=945"}],"curies":[{"name":"wp","href":"https:\/\/api.w.org\/{rel}","templated":true}]}}