{"id":924,"date":"2026-01-02T14:52:06","date_gmt":"2026-01-02T14:52:06","guid":{"rendered":"https:\/\/ttbb.rexturbohosting.com\/?page_id=924"},"modified":"2026-02-25T09:57:50","modified_gmt":"2026-02-25T09:57:50","slug":"watkunjeverwachten","status":"publish","type":"page","link":"https:\/\/ttbb.rexturbohosting.com\/de\/watkunjeverwachten\/","title":{"rendered":"Was k\u00f6nnen Sie erwarten?"},"content":{"rendered":"<div data-elementor-type=\"wp-page\" data-elementor-id=\"924\" class=\"elementor elementor-924\" data-elementor-post-type=\"page\">\n\t\t\t\t<div class=\"elementor-element elementor-element-aa5c8bb e-flex e-con-boxed e-con e-parent\" data-id=\"aa5c8bb\" data-element_type=\"container\" data-e-type=\"container\" data-settings=\"{&quot;background_background&quot;:&quot;classic&quot;}\">\n\t\t\t\t\t<div class=\"e-con-inner\">\n\t\t<div class=\"elementor-element elementor-element-7a7065c e-con-full e-flex e-con e-child\" data-id=\"7a7065c\" data-element_type=\"container\" data-e-type=\"container\">\n\t\t\t\t<div class=\"elementor-element elementor-element-ed2daef elementor-widget elementor-widget-image\" data-id=\"ed2daef\" data-element_type=\"widget\" data-e-type=\"widget\" data-widget_type=\"image.default\">\n\t\t\t\t\t\t\t\t\t\t\t\t\t\t\t<img fetchpriority=\"high\" decoding=\"async\" width=\"800\" height=\"789\" src=\"https:\/\/ttbb.rexturbohosting.com\/wp-content\/uploads\/2026\/01\/slide1.png\" class=\"attachment-large size-large wp-image-926\" alt=\"\" srcset=\"https:\/\/ttbb.rexturbohosting.com\/wp-content\/uploads\/2026\/01\/slide1.png 876w, https:\/\/ttbb.rexturbohosting.com\/wp-content\/uploads\/2026\/01\/slide1-300x296.png 300w, https:\/\/ttbb.rexturbohosting.com\/wp-content\/uploads\/2026\/01\/slide1-768x757.png 768w, https:\/\/ttbb.rexturbohosting.com\/wp-content\/uploads\/2026\/01\/slide1-12x12.png 12w\" sizes=\"(max-width: 800px) 100vw, 800px\" \/>\t\t\t\t\t\t\t\t\t\t\t\t\t\t\t<\/div>\n\t\t\t\t<\/div>\n\t\t<div class=\"elementor-element elementor-element-54cd732 e-con-full e-flex e-con e-child\" data-id=\"54cd732\" data-element_type=\"container\" data-e-type=\"container\" data-settings=\"{&quot;background_background&quot;:&quot;classic&quot;}\">\n\t\t\t\t<div class=\"elementor-element elementor-element-0dcfe28 elementor-widget elementor-widget-heading\" data-id=\"0dcfe28\" data-element_type=\"widget\" data-e-type=\"widget\" data-widget_type=\"heading.default\">\n\t\t\t\t\t<h1 class=\"elementor-heading-title elementor-size-default\">Was k\u00f6nnen Sie erwarten?<\/h1>\t\t\t\t<\/div>\n\t\t\t\t<div class=\"elementor-element elementor-element-48d51ae elementor-widget elementor-widget-text-editor\" data-id=\"48d51ae\" data-element_type=\"widget\" data-e-type=\"widget\" data-widget_type=\"text-editor.default\">\n\t\t\t\t\t\t\t\t\t<p class=\"p1\">F\u00fcr Ihren ersten Akupunkturtermin plane ich extra Zeit ein, damit wir uns kennenlernen k\u00f6nnen. Bei diesem Termin f\u00fchren wir ein ausf\u00fchrliches Anamnesegespr\u00e4ch \u2013 entweder in meiner Praxis, bei einem Spaziergang oder beim Mittagessen, ganz wie es Ihnen am besten passt. Wir haben ausreichend Gelegenheit, Ihre Situation zu besprechen: Ihre aktuellen Beschwerden, Ihre W\u00fcnsche und was Sie bereits versucht haben.<\/p><p class=\"p1\">Wenn Sie m\u00f6chten, k\u00f6nnen Sie mir vorab zus\u00e4tzliche Informationen per E-Mail zukommen lassen. Ich kann diese dann in Ruhe durchsehen, und wir k\u00f6nnen im Erstgespr\u00e4ch Ihre Anliegen genauer besprechen.<\/p><p class=\"p1\">Nach unserem Beratungsgespr\u00e4ch erstelle ich innerhalb von ein bis zwei Tagen einen individuellen Behandlungsplan f\u00fcr Sie. Ich erkl\u00e4re Ihnen, was ich in Ihrem Befund gem\u00e4\u00df der Traditionellen Chinesischen Medizin (TCM) sehe, welche Behandlungsmethode am besten geeignet ist und wie oft wir Sie voraussichtlich sehen werden. So wissen Sie im Voraus, was Sie erwartet, und k\u00f6nnen aktiv an den Entscheidungen mitwirken.<\/p><p class=\"p1\">Dann beginnt die erste Akupunktursitzung. Sie liegen bequem auf der Behandlungsliege, und ich erkl\u00e4re Ihnen ausf\u00fchrlich, was ich tue. Die Nadeln bleiben im Durchschnitt etwa 30 Minuten lang gesetzt; viele empfinden dies als einen Moment der Ruhe und tiefen Entspannung.<\/p><p class=\"p1\">Nach der Behandlung k\u00f6nnen Sie aufstehen und nach Hause gehen. Wir vereinbaren einen Folgetermin, der auf Ihrer Diagnose und Ihrem Behandlungsplan basiert. Bei jeder Sitzung beurteilen wir eventuelle Ver\u00e4nderungen Ihrer Symptome und Ihres Energieniveaus, um den Behandlungsplan gegebenenfalls anzupassen.<\/p>\t\t\t\t\t\t\t\t<\/div>\n\t\t\t\t<\/div>\n\t\t\t\t\t<\/div>\n\t\t\t\t<\/div>\n\t\t\t\t<\/div>","protected":false},"excerpt":{"rendered":"<p>Wat kun je verwachten? Voor de eerste acupunctuurafspraak maak ik extra tijd vrij, zodat we elkaar goed kunnen leren kennen. Tijdens deze afspraak doen we een uitgebreide intake in mijn praktijkruimte, tijdens een wandeling of bij een lunch, wat voor jou het prettigst is. Er is alle ruimte om jouw verhaal te bespreken: welke klachten [&hellip;]<\/p>\n","protected":false},"author":3,"featured_media":0,"parent":0,"menu_order":0,"comment_status":"closed","ping_status":"closed","template":"","meta":{"footnotes":""},"class_list":["post-924","page","type-page","status-publish","hentry"],"_links":{"self":[{"href":"https:\/\/ttbb.rexturbohosting.com\/de\/wp-json\/wp\/v2\/pages\/924","targetHints":{"allow":["GET"]}}],"collection":[{"href":"https:\/\/ttbb.rexturbohosting.com\/de\/wp-json\/wp\/v2\/pages"}],"about":[{"href":"https:\/\/ttbb.rexturbohosting.com\/de\/wp-json\/wp\/v2\/types\/page"}],"author":[{"embeddable":true,"href":"https:\/\/ttbb.rexturbohosting.com\/de\/wp-json\/wp\/v2\/users\/3"}],"replies":[{"embeddable":true,"href":"https:\/\/ttbb.rexturbohosting.com\/de\/wp-json\/wp\/v2\/comments?post=924"}],"version-history":[{"count":16,"href":"https:\/\/ttbb.rexturbohosting.com\/de\/wp-json\/wp\/v2\/pages\/924\/revisions"}],"predecessor-version":[{"id":1083,"href":"https:\/\/ttbb.rexturbohosting.com\/de\/wp-json\/wp\/v2\/pages\/924\/revisions\/1083"}],"wp:attachment":[{"href":"https:\/\/ttbb.rexturbohosting.com\/de\/wp-json\/wp\/v2\/media?parent=924"}],"curies":[{"name":"wp","href":"https:\/\/api.w.org\/{rel}","templated":true}]}}