{"id":118,"date":"2025-11-17T11:07:24","date_gmt":"2025-11-17T11:07:24","guid":{"rendered":"https:\/\/ttbb.rexturbohosting.com\/?page_id=118"},"modified":"2026-01-02T13:02:07","modified_gmt":"2026-01-02T13:02:07","slug":"behandelingen","status":"publish","type":"page","link":"https:\/\/ttbb.rexturbohosting.com\/de\/behandelingen\/","title":{"rendered":"Behandlungen"},"content":{"rendered":"<div data-elementor-type=\"wp-page\" data-elementor-id=\"118\" class=\"elementor elementor-118\" data-elementor-post-type=\"page\">\n\t\t\t\t<div class=\"elementor-element elementor-element-888642c e-flex e-con-boxed e-con e-parent\" data-id=\"888642c\" data-element_type=\"container\" data-e-type=\"container\">\n\t\t\t\t\t<div class=\"e-con-inner\">\n\t\t\t\t<div class=\"elementor-element elementor-element-0616de3 elementor-widget elementor-widget-heading\" data-id=\"0616de3\" data-element_type=\"widget\" data-e-type=\"widget\" data-widget_type=\"heading.default\">\n\t\t\t\t\t<h1 class=\"elementor-heading-title elementor-size-default\">Sie m\u00f6chten Ihre Beschwerden ansprechen oder gesund bleiben?<\/h1>\t\t\t\t<\/div>\n\t\t\t\t<div class=\"elementor-element elementor-element-ca76176 elementor-widget elementor-widget-text-editor\" data-id=\"ca76176\" data-element_type=\"widget\" data-e-type=\"widget\" data-widget_type=\"text-editor.default\">\n\t\t\t\t\t\t\t\t\t<p class=\"p2\">Ob Sie wegen Schmerzen, Stress, hormonellen Ungleichgewichten, Ersch\u00f6pfung oder als Erg\u00e4nzung zu Ihrer regul\u00e4ren Gesundheitsvorsorge zu uns kommen \u2013 wir erarbeiten gemeinsam mit Ihnen die optimale Behandlung f\u00fcr Ihre individuelle Situation. Wir entwickeln einen klaren, personalisierten Behandlungsplan, der auf Ihren K\u00f6rper und Ihre Ziele abgestimmt ist. So unterst\u00fctzen Sie Ihre Genesung, st\u00e4rken Ihre nat\u00fcrliche Widerstandskraft und erreichen schrittweise ein ausgeglicheneres K\u00f6rpergef\u00fchl.<\/p>\t\t\t\t\t\t\t\t<\/div>\n\t\t\t\t\t<\/div>\n\t\t\t\t<\/div>\n\t\t<div class=\"elementor-element elementor-element-bf7c5ce e-flex e-con-boxed e-con e-parent\" data-id=\"bf7c5ce\" data-element_type=\"container\" data-e-type=\"container\" data-settings=\"{&quot;background_background&quot;:&quot;classic&quot;}\">\n\t\t\t\t\t<div class=\"e-con-inner\">\n\t\t\t\t<div class=\"elementor-element elementor-element-27a88f6 elementor-widget elementor-widget-heading\" data-id=\"27a88f6\" data-element_type=\"widget\" data-e-type=\"widget\" data-widget_type=\"heading.default\">\n\t\t\t\t\t<h2 class=\"elementor-heading-title elementor-size-default\">Wobei kann mir Akupunktur helfen?<\/h2>\t\t\t\t<\/div>\n\t\t\t\t\t<\/div>\n\t\t\t\t<\/div>\n\t\t<div class=\"elementor-element elementor-element-8dbb493 e-flex e-con-boxed e-con e-parent\" data-id=\"8dbb493\" data-element_type=\"container\" data-e-type=\"container\" data-settings=\"{&quot;background_background&quot;:&quot;classic&quot;}\">\n\t\t\t\t\t<div class=\"e-con-inner\">\n\t\t<div class=\"elementor-element elementor-element-5f77cf1 e-con-full e-flex e-con e-child\" data-id=\"5f77cf1\" data-element_type=\"container\" data-e-type=\"container\" data-settings=\"{&quot;background_background&quot;:&quot;classic&quot;}\">\n\t\t\t\t<div class=\"elementor-element elementor-element-0528e2b elementor-widget elementor-widget-image\" data-id=\"0528e2b\" data-element_type=\"widget\" data-e-type=\"widget\" data-widget_type=\"image.default\">\n\t\t\t\t\t\t\t\t\t\t\t\t\t\t\t\t<a href=\"https:\/\/ttbb.rexturbohosting.com\/wp-content\/uploads\/2025\/12\/Pijn_NLv2.png\">\n\t\t\t\t\t\t\t<img fetchpriority=\"high\" decoding=\"async\" width=\"768\" height=\"512\" src=\"https:\/\/ttbb.rexturbohosting.com\/wp-content\/uploads\/2025\/11\/rexmediabot_pain_-ar_32_-sref_httpss.mj_.runDa85IKV25zI_-st_27dea338-ce0c-4613-b6a3-9537963ce42c_2-768x512.png\" class=\"attachment-medium_large size-medium_large wp-image-233\" alt=\"\" srcset=\"https:\/\/ttbb.rexturbohosting.com\/wp-content\/uploads\/2025\/11\/rexmediabot_pain_-ar_32_-sref_httpss.mj_.runDa85IKV25zI_-st_27dea338-ce0c-4613-b6a3-9537963ce42c_2-768x512.png 768w, https:\/\/ttbb.rexturbohosting.com\/wp-content\/uploads\/2025\/11\/rexmediabot_pain_-ar_32_-sref_httpss.mj_.runDa85IKV25zI_-st_27dea338-ce0c-4613-b6a3-9537963ce42c_2-300x200.png 300w, https:\/\/ttbb.rexturbohosting.com\/wp-content\/uploads\/2025\/11\/rexmediabot_pain_-ar_32_-sref_httpss.mj_.runDa85IKV25zI_-st_27dea338-ce0c-4613-b6a3-9537963ce42c_2-1024x683.png 1024w, https:\/\/ttbb.rexturbohosting.com\/wp-content\/uploads\/2025\/11\/rexmediabot_pain_-ar_32_-sref_httpss.mj_.runDa85IKV25zI_-st_27dea338-ce0c-4613-b6a3-9537963ce42c_2.png 1344w\" sizes=\"(max-width: 768px) 100vw, 768px\" \/>\t\t\t\t\t\t\t\t<\/a>\n\t\t\t\t\t\t\t\t\t\t\t\t\t\t\t<\/div>\n\t\t\t\t<div class=\"elementor-element elementor-element-2323a81 elementor-widget elementor-widget-heading\" data-id=\"2323a81\" data-element_type=\"widget\" data-e-type=\"widget\" data-widget_type=\"heading.default\">\n\t\t\t\t\t<h3 class=\"elementor-heading-title elementor-size-default\"><a href=\"https:\/\/ttbb.rexturbohosting.com\/wp-content\/uploads\/2025\/12\/Pijn_NLv2.png\">Schmerz<\/a><\/h3>\t\t\t\t<\/div>\n\t\t\t\t<div class=\"elementor-element elementor-element-b2997db elementor-widget elementor-widget-text-editor\" data-id=\"b2997db\" data-element_type=\"widget\" data-e-type=\"widget\" data-widget_type=\"text-editor.default\">\n\t\t\t\t\t\t\t\t\t<p>Schmerzen k\u00f6nnen Ihren Alltag erheblich beeintr\u00e4chtigen. W\u00e4hrend der Behandlung gehen wir der Ursache Ihrer Beschwerden auf den Grund und finden die beste Vorgehensweise, um Ihren K\u00f6rper zu unterst\u00fctzen. So schaffen wir Raum f\u00fcr Genesung und mehr Bewegungsfreiheit.<\/p>\t\t\t\t\t\t\t\t<\/div>\n\t\t\t\t<\/div>\n\t\t<div class=\"elementor-element elementor-element-7b8acfc e-con-full e-flex e-con e-child\" data-id=\"7b8acfc\" data-element_type=\"container\" data-e-type=\"container\" data-settings=\"{&quot;background_background&quot;:&quot;classic&quot;}\">\n\t\t\t\t<div class=\"elementor-element elementor-element-f00a076 elementor-widget elementor-widget-image\" data-id=\"f00a076\" data-element_type=\"widget\" data-e-type=\"widget\" data-widget_type=\"image.default\">\n\t\t\t\t\t\t\t\t\t\t\t\t\t\t\t\t<a href=\"https:\/\/ttbb.rexturbohosting.com\/wp-content\/uploads\/2025\/12\/Stress_NL.png\">\n\t\t\t\t\t\t\t<img decoding=\"async\" width=\"768\" height=\"512\" src=\"https:\/\/ttbb.rexturbohosting.com\/wp-content\/uploads\/2025\/12\/Migraine_hoofdpijnv2-768x512.jpeg\" class=\"attachment-medium_large size-medium_large wp-image-890\" alt=\"\" srcset=\"https:\/\/ttbb.rexturbohosting.com\/wp-content\/uploads\/2025\/12\/Migraine_hoofdpijnv2-768x512.jpeg 768w, https:\/\/ttbb.rexturbohosting.com\/wp-content\/uploads\/2025\/12\/Migraine_hoofdpijnv2-300x200.jpeg 300w, https:\/\/ttbb.rexturbohosting.com\/wp-content\/uploads\/2025\/12\/Migraine_hoofdpijnv2-18x12.jpeg 18w, https:\/\/ttbb.rexturbohosting.com\/wp-content\/uploads\/2025\/12\/Migraine_hoofdpijnv2.jpeg 800w\" sizes=\"(max-width: 768px) 100vw, 768px\" \/>\t\t\t\t\t\t\t\t<\/a>\n\t\t\t\t\t\t\t\t\t\t\t\t\t\t\t<\/div>\n\t\t\t\t<div class=\"elementor-element elementor-element-8fecfb5 elementor-widget elementor-widget-heading\" data-id=\"8fecfb5\" data-element_type=\"widget\" data-e-type=\"widget\" data-widget_type=\"heading.default\">\n\t\t\t\t\t<h3 class=\"elementor-heading-title elementor-size-default\"><a href=\"https:\/\/ttbb.rexturbohosting.com\/wp-content\/uploads\/2025\/12\/Stress_NL.png\">Stress<\/a><\/h3>\t\t\t\t<\/div>\n\t\t\t\t<div class=\"elementor-element elementor-element-4e180be elementor-widget elementor-widget-text-editor\" data-id=\"4e180be\" data-element_type=\"widget\" data-e-type=\"widget\" data-widget_type=\"text-editor.default\">\n\t\t\t\t\t\t\t\t\t<p>Langfristiger Stress versetzt Ihren K\u00f6rper in einen permanenten Alarmzustand. Mit einer auf Ihre Bed\u00fcrfnisse abgestimmten Behandlung bringen wir Ihr System wieder zur Ruhe und erm\u00f6glichen Ihnen so, sich sowohl k\u00f6rperlich als auch geistig besser zu entspannen.<\/p>\t\t\t\t\t\t\t\t<\/div>\n\t\t\t\t<\/div>\n\t\t<div class=\"elementor-element elementor-element-2c2b77b e-con-full e-flex e-con e-child\" data-id=\"2c2b77b\" data-element_type=\"container\" data-e-type=\"container\" data-settings=\"{&quot;background_background&quot;:&quot;classic&quot;}\">\n\t\t\t\t<div class=\"elementor-element elementor-element-947dc55 elementor-widget elementor-widget-image\" data-id=\"947dc55\" data-element_type=\"widget\" data-e-type=\"widget\" data-widget_type=\"image.default\">\n\t\t\t\t\t\t\t\t\t\t\t\t\t\t\t\t<a href=\"https:\/\/ttbb.rexturbohosting.com\/wp-content\/uploads\/2026\/01\/Hormonale_balans_NL.jpeg\">\n\t\t\t\t\t\t\t<img decoding=\"async\" width=\"768\" height=\"512\" src=\"https:\/\/ttbb.rexturbohosting.com\/wp-content\/uploads\/2025\/11\/rexmediabot_hormonal_imbalance_-ar_32_-sref_httpss.mj_.runDa_f68f788d-f8b6-4666-9ff5-c500da0903a6_1-768x512.png\" class=\"attachment-medium_large size-medium_large wp-image-234\" alt=\"\" srcset=\"https:\/\/ttbb.rexturbohosting.com\/wp-content\/uploads\/2025\/11\/rexmediabot_hormonal_imbalance_-ar_32_-sref_httpss.mj_.runDa_f68f788d-f8b6-4666-9ff5-c500da0903a6_1-768x512.png 768w, https:\/\/ttbb.rexturbohosting.com\/wp-content\/uploads\/2025\/11\/rexmediabot_hormonal_imbalance_-ar_32_-sref_httpss.mj_.runDa_f68f788d-f8b6-4666-9ff5-c500da0903a6_1-300x200.png 300w, https:\/\/ttbb.rexturbohosting.com\/wp-content\/uploads\/2025\/11\/rexmediabot_hormonal_imbalance_-ar_32_-sref_httpss.mj_.runDa_f68f788d-f8b6-4666-9ff5-c500da0903a6_1-1024x683.png 1024w, https:\/\/ttbb.rexturbohosting.com\/wp-content\/uploads\/2025\/11\/rexmediabot_hormonal_imbalance_-ar_32_-sref_httpss.mj_.runDa_f68f788d-f8b6-4666-9ff5-c500da0903a6_1.png 1344w\" sizes=\"(max-width: 768px) 100vw, 768px\" \/>\t\t\t\t\t\t\t\t<\/a>\n\t\t\t\t\t\t\t\t\t\t\t\t\t\t\t<\/div>\n\t\t\t\t<div class=\"elementor-element elementor-element-36f38a8 elementor-widget elementor-widget-heading\" data-id=\"36f38a8\" data-element_type=\"widget\" data-e-type=\"widget\" data-widget_type=\"heading.default\">\n\t\t\t\t\t<h3 class=\"elementor-heading-title elementor-size-default\"><a href=\"https:\/\/ttbb.rexturbohosting.com\/wp-content\/uploads\/2026\/01\/Hormonale_balans_NL.jpeg\">Hormonelles Ungleichgewicht<\/a><\/h3>\t\t\t\t<\/div>\n\t\t\t\t<div class=\"elementor-element elementor-element-fd922a8 elementor-widget elementor-widget-text-editor\" data-id=\"fd922a8\" data-element_type=\"widget\" data-e-type=\"widget\" data-widget_type=\"text-editor.default\">\n\t\t\t\t\t\t\t\t\t<p>Hormonelle Ungleichgewichte k\u00f6nnen vielf\u00e4ltige Symptome hervorrufen. Gemeinsam untersuchen wir die Signale Ihres K\u00f6rpers und w\u00e4hlen eine Behandlung, die Ihnen hilft, wieder ins Gleichgewicht zu kommen und Ihren nat\u00fcrlichen Rhythmus zu unterst\u00fctzen.<\/p>\t\t\t\t\t\t\t\t<\/div>\n\t\t\t\t<\/div>\n\t\t\t\t\t<\/div>\n\t\t\t\t<\/div>\n\t\t<div class=\"elementor-element elementor-element-1c3c4e5 e-flex e-con-boxed e-con e-parent\" data-id=\"1c3c4e5\" data-element_type=\"container\" data-e-type=\"container\">\n\t\t\t\t\t<div class=\"e-con-inner\">\n\t\t<div class=\"elementor-element elementor-element-238f6fd e-con-full e-flex e-con e-child\" data-id=\"238f6fd\" data-element_type=\"container\" data-e-type=\"container\">\n\t\t\t\t<div class=\"elementor-element elementor-element-727971f elementor-widget elementor-widget-image\" data-id=\"727971f\" data-element_type=\"widget\" data-e-type=\"widget\" data-widget_type=\"image.default\">\n\t\t\t\t\t\t\t\t\t\t\t\t\t\t\t\t<a href=\"https:\/\/ttbb.rexturbohosting.com\/de\/migraine\/\">\n\t\t\t\t\t\t\t<img loading=\"lazy\" decoding=\"async\" width=\"768\" height=\"512\" src=\"https:\/\/ttbb.rexturbohosting.com\/wp-content\/uploads\/2025\/11\/rexmediabot_fatigue_-ar_32_-sref_httpss.mj_.runDa85IKV25zI_-_3bf71aa3-6c37-413c-9fd9-ff580dff5ddf_1-768x512.png\" class=\"attachment-medium_large size-medium_large wp-image-235\" alt=\"\" srcset=\"https:\/\/ttbb.rexturbohosting.com\/wp-content\/uploads\/2025\/11\/rexmediabot_fatigue_-ar_32_-sref_httpss.mj_.runDa85IKV25zI_-_3bf71aa3-6c37-413c-9fd9-ff580dff5ddf_1-768x512.png 768w, https:\/\/ttbb.rexturbohosting.com\/wp-content\/uploads\/2025\/11\/rexmediabot_fatigue_-ar_32_-sref_httpss.mj_.runDa85IKV25zI_-_3bf71aa3-6c37-413c-9fd9-ff580dff5ddf_1-300x200.png 300w, https:\/\/ttbb.rexturbohosting.com\/wp-content\/uploads\/2025\/11\/rexmediabot_fatigue_-ar_32_-sref_httpss.mj_.runDa85IKV25zI_-_3bf71aa3-6c37-413c-9fd9-ff580dff5ddf_1-1024x683.png 1024w, https:\/\/ttbb.rexturbohosting.com\/wp-content\/uploads\/2025\/11\/rexmediabot_fatigue_-ar_32_-sref_httpss.mj_.runDa85IKV25zI_-_3bf71aa3-6c37-413c-9fd9-ff580dff5ddf_1.png 1344w\" sizes=\"(max-width: 768px) 100vw, 768px\" \/>\t\t\t\t\t\t\t\t<\/a>\n\t\t\t\t\t\t\t\t\t\t\t\t\t\t\t<\/div>\n\t\t\t\t<div class=\"elementor-element elementor-element-5d3c3af elementor-widget elementor-widget-heading\" data-id=\"5d3c3af\" data-element_type=\"widget\" data-e-type=\"widget\" data-widget_type=\"heading.default\">\n\t\t\t\t\t<h3 class=\"elementor-heading-title elementor-size-default\">Erm\u00fcdung<\/h3>\t\t\t\t<\/div>\n\t\t\t\t<div class=\"elementor-element elementor-element-e84c947 elementor-widget elementor-widget-text-editor\" data-id=\"e84c947\" data-element_type=\"widget\" data-e-type=\"widget\" data-widget_type=\"text-editor.default\">\n\t\t\t\t\t\t\t\t\t<p>Bei anhaltender M\u00fcdigkeit ist es wichtig, den K\u00f6rper zu regenerieren. Mithilfe gezielter Techniken steigern wir Ihr Energieniveau und unterst\u00fctzen die Regeneration von innen heraus.<\/p>\t\t\t\t\t\t\t\t<\/div>\n\t\t\t\t<\/div>\n\t\t<div class=\"elementor-element elementor-element-ff4d300 e-con-full e-flex e-con e-child\" data-id=\"ff4d300\" data-element_type=\"container\" data-e-type=\"container\">\n\t\t\t\t<div class=\"elementor-element elementor-element-daf3243 elementor-widget elementor-widget-image\" data-id=\"daf3243\" data-element_type=\"widget\" data-e-type=\"widget\" data-widget_type=\"image.default\">\n\t\t\t\t\t\t\t\t\t\t\t\t\t\t\t<img loading=\"lazy\" decoding=\"async\" width=\"768\" height=\"512\" src=\"https:\/\/ttbb.rexturbohosting.com\/wp-content\/uploads\/2025\/11\/rexmediabot_Addition_to_regular_care_-ar_32_-sref_httpss.mj_d96ecc1b-421a-47b6-8717-5b42bd91a686_3-768x512.png\" class=\"attachment-medium_large size-medium_large wp-image-236\" alt=\"\" srcset=\"https:\/\/ttbb.rexturbohosting.com\/wp-content\/uploads\/2025\/11\/rexmediabot_Addition_to_regular_care_-ar_32_-sref_httpss.mj_d96ecc1b-421a-47b6-8717-5b42bd91a686_3-768x512.png 768w, https:\/\/ttbb.rexturbohosting.com\/wp-content\/uploads\/2025\/11\/rexmediabot_Addition_to_regular_care_-ar_32_-sref_httpss.mj_d96ecc1b-421a-47b6-8717-5b42bd91a686_3-300x200.png 300w, https:\/\/ttbb.rexturbohosting.com\/wp-content\/uploads\/2025\/11\/rexmediabot_Addition_to_regular_care_-ar_32_-sref_httpss.mj_d96ecc1b-421a-47b6-8717-5b42bd91a686_3-1024x683.png 1024w, https:\/\/ttbb.rexturbohosting.com\/wp-content\/uploads\/2025\/11\/rexmediabot_Addition_to_regular_care_-ar_32_-sref_httpss.mj_d96ecc1b-421a-47b6-8717-5b42bd91a686_3.png 1344w\" sizes=\"(max-width: 768px) 100vw, 768px\" \/>\t\t\t\t\t\t\t\t\t\t\t\t\t\t\t<\/div>\n\t\t\t\t<div class=\"elementor-element elementor-element-148798a elementor-widget elementor-widget-heading\" data-id=\"148798a\" data-element_type=\"widget\" data-e-type=\"widget\" data-widget_type=\"heading.default\">\n\t\t\t\t\t<h3 class=\"elementor-heading-title elementor-size-default\">Erg\u00e4nzung zur regul\u00e4ren Pflege<\/h3>\t\t\t\t<\/div>\n\t\t\t\t<div class=\"elementor-element elementor-element-1bad04d elementor-widget elementor-widget-text-editor\" data-id=\"1bad04d\" data-element_type=\"widget\" data-e-type=\"widget\" data-widget_type=\"text-editor.default\">\n\t\t\t\t\t\t\t\t\t<p>Unsere Behandlungen lassen sich nahtlos in Ihre regul\u00e4re Versorgung integrieren. Wir verfolgen ein gemeinsames Ziel: Ihre Gesundheit zu verbessern. Gemeinsam optimieren wir die Wirksamkeit Ihres gesamten Behandlungspfads.<\/p>\t\t\t\t\t\t\t\t<\/div>\n\t\t\t\t<\/div>\n\t\t<div class=\"elementor-element elementor-element-de7baf2 e-con-full e-flex e-con e-child\" data-id=\"de7baf2\" data-element_type=\"container\" data-e-type=\"container\">\n\t\t\t\t<div class=\"elementor-element elementor-element-6afd1c4 elementor-widget elementor-widget-image\" data-id=\"6afd1c4\" data-element_type=\"widget\" data-e-type=\"widget\" data-widget_type=\"image.default\">\n\t\t\t\t\t\t\t\t\t\t\t\t\t\t\t<img loading=\"lazy\" decoding=\"async\" width=\"768\" height=\"512\" src=\"https:\/\/ttbb.rexturbohosting.com\/wp-content\/uploads\/2025\/11\/rexmediabot_Healthy_-ar_32_-sref_httpss.mj_.runDa85IKV25zI_-_324d36b6-2c84-406a-a887-d0c141f447be_0-768x512.png\" class=\"attachment-medium_large size-medium_large wp-image-238\" alt=\"\" srcset=\"https:\/\/ttbb.rexturbohosting.com\/wp-content\/uploads\/2025\/11\/rexmediabot_Healthy_-ar_32_-sref_httpss.mj_.runDa85IKV25zI_-_324d36b6-2c84-406a-a887-d0c141f447be_0-768x512.png 768w, https:\/\/ttbb.rexturbohosting.com\/wp-content\/uploads\/2025\/11\/rexmediabot_Healthy_-ar_32_-sref_httpss.mj_.runDa85IKV25zI_-_324d36b6-2c84-406a-a887-d0c141f447be_0-300x200.png 300w, https:\/\/ttbb.rexturbohosting.com\/wp-content\/uploads\/2025\/11\/rexmediabot_Healthy_-ar_32_-sref_httpss.mj_.runDa85IKV25zI_-_324d36b6-2c84-406a-a887-d0c141f447be_0-1024x683.png 1024w, https:\/\/ttbb.rexturbohosting.com\/wp-content\/uploads\/2025\/11\/rexmediabot_Healthy_-ar_32_-sref_httpss.mj_.runDa85IKV25zI_-_324d36b6-2c84-406a-a887-d0c141f447be_0.png 1344w\" sizes=\"(max-width: 768px) 100vw, 768px\" \/>\t\t\t\t\t\t\t\t\t\t\t\t\t\t\t<\/div>\n\t\t\t\t<div class=\"elementor-element elementor-element-3cd3b78 elementor-widget elementor-widget-heading\" data-id=\"3cd3b78\" data-element_type=\"widget\" data-e-type=\"widget\" data-widget_type=\"heading.default\">\n\t\t\t\t\t<h3 class=\"elementor-heading-title elementor-size-default\">Pr\u00e4ventive Gesundheit<\/h3>\t\t\t\t<\/div>\n\t\t\t\t<div class=\"elementor-element elementor-element-301b63c elementor-widget elementor-widget-text-editor\" data-id=\"301b63c\" data-element_type=\"widget\" data-e-type=\"widget\" data-widget_type=\"text-editor.default\">\n\t\t\t\t\t\t\t\t\t<p>Man muss keine Symptome haben, um etwas f\u00fcr seinen K\u00f6rper zu tun. Vorbeugende Ma\u00dfnahmen st\u00e4rken die nat\u00fcrlichen Abwehrkr\u00e4fte und tragen zu einem langfristigen, gesunden Gleichgewicht bei.<\/p>\t\t\t\t\t\t\t\t<\/div>\n\t\t\t\t<\/div>\n\t\t\t\t\t<\/div>\n\t\t\t\t<\/div>\n\t\t\t\t<\/div>","protected":false},"excerpt":{"rendered":"<p>Je wilt je klachten aanpakken of gezond blijven Of je nu komt voor pijn, stress, hormonale disbalans, vermoeidheid of als aanvulling op reguliere zorg en preventieve gezondheid: we kijken samen welke behandeling het beste aansluit bij jouw situatie. We werken met een helder behandelplan op maat, afgestemd op jouw lichaam en doelen. Zo ondersteun je [&hellip;]<\/p>\n","protected":false},"author":1,"featured_media":0,"parent":0,"menu_order":0,"comment_status":"closed","ping_status":"closed","template":"","meta":{"footnotes":""},"class_list":["post-118","page","type-page","status-publish","hentry"],"_links":{"self":[{"href":"https:\/\/ttbb.rexturbohosting.com\/de\/wp-json\/wp\/v2\/pages\/118","targetHints":{"allow":["GET"]}}],"collection":[{"href":"https:\/\/ttbb.rexturbohosting.com\/de\/wp-json\/wp\/v2\/pages"}],"about":[{"href":"https:\/\/ttbb.rexturbohosting.com\/de\/wp-json\/wp\/v2\/types\/page"}],"author":[{"embeddable":true,"href":"https:\/\/ttbb.rexturbohosting.com\/de\/wp-json\/wp\/v2\/users\/1"}],"replies":[{"embeddable":true,"href":"https:\/\/ttbb.rexturbohosting.com\/de\/wp-json\/wp\/v2\/comments?post=118"}],"version-history":[{"count":46,"href":"https:\/\/ttbb.rexturbohosting.com\/de\/wp-json\/wp\/v2\/pages\/118\/revisions"}],"predecessor-version":[{"id":923,"href":"https:\/\/ttbb.rexturbohosting.com\/de\/wp-json\/wp\/v2\/pages\/118\/revisions\/923"}],"wp:attachment":[{"href":"https:\/\/ttbb.rexturbohosting.com\/de\/wp-json\/wp\/v2\/media?parent=118"}],"curies":[{"name":"wp","href":"https:\/\/api.w.org\/{rel}","templated":true}]}}