{"id":116,"date":"2025-11-17T11:07:15","date_gmt":"2025-11-17T11:07:15","guid":{"rendered":"https:\/\/ttbb.rexturbohosting.com\/?page_id=116"},"modified":"2026-02-10T14:26:03","modified_gmt":"2026-02-10T14:26:03","slug":"over-mij","status":"publish","type":"page","link":"https:\/\/ttbb.rexturbohosting.com\/de\/over-mij\/","title":{"rendered":"\u00dcber mich"},"content":{"rendered":"<div data-elementor-type=\"wp-page\" data-elementor-id=\"116\" class=\"elementor elementor-116\" data-elementor-post-type=\"page\">\n\t\t\t\t<div class=\"elementor-element elementor-element-19bdef4 e-flex e-con-boxed e-con e-parent\" data-id=\"19bdef4\" data-element_type=\"container\" data-e-type=\"container\" data-settings=\"{&quot;background_background&quot;:&quot;classic&quot;}\">\n\t\t\t\t\t<div class=\"e-con-inner\">\n\t\t<div class=\"elementor-element elementor-element-4f1d4c1 e-con-full e-flex e-con e-child\" data-id=\"4f1d4c1\" data-element_type=\"container\" data-e-type=\"container\">\n\t\t\t\t<div class=\"elementor-element elementor-element-8619363 elementor-widget elementor-widget-image\" data-id=\"8619363\" data-element_type=\"widget\" data-e-type=\"widget\" data-widget_type=\"image.default\">\n\t\t\t\t\t\t\t\t\t\t\t\t\t\t\t<img fetchpriority=\"high\" decoding=\"async\" width=\"800\" height=\"871\" src=\"https:\/\/ttbb.rexturbohosting.com\/wp-content\/uploads\/2025\/12\/Jildert_dockter_jas.jpg\" class=\"attachment-large size-large wp-image-803\" alt=\"\" srcset=\"https:\/\/ttbb.rexturbohosting.com\/wp-content\/uploads\/2025\/12\/Jildert_dockter_jas.jpg 940w, https:\/\/ttbb.rexturbohosting.com\/wp-content\/uploads\/2025\/12\/Jildert_dockter_jas-276x300.jpg 276w, https:\/\/ttbb.rexturbohosting.com\/wp-content\/uploads\/2025\/12\/Jildert_dockter_jas-768x836.jpg 768w, https:\/\/ttbb.rexturbohosting.com\/wp-content\/uploads\/2025\/12\/Jildert_dockter_jas-11x12.jpg 11w\" sizes=\"(max-width: 800px) 100vw, 800px\" \/>\t\t\t\t\t\t\t\t\t\t\t\t\t\t\t<\/div>\n\t\t\t\t<\/div>\n\t\t<div class=\"elementor-element elementor-element-0bfb534 e-con-full e-flex e-con e-child\" data-id=\"0bfb534\" data-element_type=\"container\" data-e-type=\"container\" data-settings=\"{&quot;background_background&quot;:&quot;classic&quot;}\">\n\t\t\t\t<div class=\"elementor-element elementor-element-5cf993f elementor-widget elementor-widget-heading\" data-id=\"5cf993f\" data-element_type=\"widget\" data-e-type=\"widget\" data-widget_type=\"heading.default\">\n\t\t\t\t\t<h1 class=\"elementor-heading-title elementor-size-default\">Lernen Sie Jildert kennen, Akupunkteur<\/h1>\t\t\t\t<\/div>\n\t\t\t\t<div class=\"elementor-element elementor-element-978c65e elementor-widget elementor-widget-text-editor\" data-id=\"978c65e\" data-element_type=\"widget\" data-e-type=\"widget\" data-widget_type=\"text-editor.default\">\n\t\t\t\t\t\t\t\t\t<p>Ich bin Jildert, Akupunkteurin aus \u00dcberzeugung und Erfahrung. Meine Arbeit basiert auf Achtsamkeit, Pr\u00e4zision und Sorgfalt. Ich betrachte nicht nur die Symptome, sondern erkl\u00e4re Ihnen verst\u00e4ndlich, was Ihr K\u00f6rper braucht. In einer ruhigen und entspannten Atmosph\u00e4re biete ich Ihnen fachkundige Beratung. Meine Klienten beschreiben mich oft als freundlich und zug\u00e4nglich: als jemanden, der sie auf ihrem Weg zu Genesung und mehr Vitalit\u00e4t begleitet.<\/p><p>Ich selbst habe eine leichte Form von Autismus. Das bedeutet, ich reagiere empfindlich auf Reize, arbeite aber auch strukturiert, h\u00f6re aufmerksam zu und beobachte genau. Dadurch kann ich in der Praxis sehr gut darauf achten, was Ihr K\u00f6rper und Ihr Nervensystem Ihnen zeigen und brauchen.<\/p><p>Ich absolvierte meine vierj\u00e4hrige Ausbildung an der Qing-Bai-Akademie f\u00fcr Chinesische Medizin in Amersfoort und Breda, wo ich mich intensiv mit den klassischen Prinzipien der chinesischen Medizin auseinandersetzte. Zus\u00e4tzlich erwarb ich ein Diplom in westlichen medizinischen Grundlagen, wodurch ich \u00fcber ein solides Fundament sowohl traditioneller als auch moderner medizinischer Erkenntnisse verf\u00fcge.<\/p><p>In meiner vorherigen T\u00e4tigkeit als IT-Berater arbeitete ich in einem anspruchsvollen, leistungsorientierten Umfeld. Sport half mir lange Zeit, die Balance zu halten; als Triathlet trainierte ich intensiv. W\u00e4hrend eines Trainingsaufenthalts in den Alpen erlitt ich jedoch einen Hitzschlag, gefolgt von einer Verletzung und anhaltenden k\u00f6rperlichen und seelischen Beschwerden. Diese Kombination zwang mich schlie\u00dflich, meine T\u00e4tigkeit als IT-Berater aufzugeben.<\/p><p>In der darauffolgenden Zeit bot sich Raum f\u00fcr Reflexion und Erholung. Ich erkannte, wie wichtig ein ganzheitlicher Gesundheitsansatz ist, bei dem K\u00f6rper und Geist untrennbar miteinander verbunden sind.<\/p><p>Der Wendepunkt kam, als ich mit der Akupunkturbehandlung begann. Dort erlebte ich zum ersten Mal deutliche Linderung: mehr Raum in meinem K\u00f6rper, inneren Frieden und ein sp\u00fcrbares Gef\u00fchl der Genesung und des Fortschritts. Diese Erfahrung bildete die Grundlage f\u00fcr meine weitere Auseinandersetzung mit der Traditionellen Chinesischen Medizin und meine heutige Praxis.<\/p><p>Ich betrachte Akupunktur als einen kontinuierlichen Lern-, Vertiefungs- und Verfeinerungsprozess. Ich bilde mich stetig weiter und lerne in Workshops und von Kollegen, um meine Behandlungen weiter zu optimieren.<\/p><p>Mit diesem Wissen und meiner eigenen Erfahrung mit \u00dcberlastung, Krankheit und Genesung unterst\u00fctze ich Sie gerne. Ich begleite Sie einf\u00fchlsam und fachkundig, damit Sie Schritt f\u00fcr Schritt Ihre Genesung, Ihre Widerstandsf\u00e4higkeit und ein gr\u00f6\u00dferes K\u00f6rpergef\u00fchl wiedererlangen k\u00f6nnen.<\/p>\t\t\t\t\t\t\t\t<\/div>\n\t\t\t\t<\/div>\n\t\t\t\t\t<\/div>\n\t\t\t\t<\/div>\n\t\t\t\t<\/div>","protected":false},"excerpt":{"rendered":"<p>Maak kennis met Jildert, acupuncturist Ik ben Jildert, acupuncturist uit overtuiging \u00e9n ervaring. In mijn werk staan aandacht, precisie en zorgvuldigheid centraal. Ik kijk verder dan alleen de klacht en leg in duidelijke taal uit wat je lichaam nodig heeft. Dat doe ik in alle rust en met deskundige begeleiding. Cli\u00ebnten omschrijven mij vaak als [&hellip;]<\/p>\n","protected":false},"author":1,"featured_media":0,"parent":0,"menu_order":0,"comment_status":"closed","ping_status":"closed","template":"","meta":{"footnotes":""},"class_list":["post-116","page","type-page","status-publish","hentry"],"_links":{"self":[{"href":"https:\/\/ttbb.rexturbohosting.com\/de\/wp-json\/wp\/v2\/pages\/116","targetHints":{"allow":["GET"]}}],"collection":[{"href":"https:\/\/ttbb.rexturbohosting.com\/de\/wp-json\/wp\/v2\/pages"}],"about":[{"href":"https:\/\/ttbb.rexturbohosting.com\/de\/wp-json\/wp\/v2\/types\/page"}],"author":[{"embeddable":true,"href":"https:\/\/ttbb.rexturbohosting.com\/de\/wp-json\/wp\/v2\/users\/1"}],"replies":[{"embeddable":true,"href":"https:\/\/ttbb.rexturbohosting.com\/de\/wp-json\/wp\/v2\/comments?post=116"}],"version-history":[{"count":43,"href":"https:\/\/ttbb.rexturbohosting.com\/de\/wp-json\/wp\/v2\/pages\/116\/revisions"}],"predecessor-version":[{"id":1063,"href":"https:\/\/ttbb.rexturbohosting.com\/de\/wp-json\/wp\/v2\/pages\/116\/revisions\/1063"}],"wp:attachment":[{"href":"https:\/\/ttbb.rexturbohosting.com\/de\/wp-json\/wp\/v2\/media?parent=116"}],"curies":[{"name":"wp","href":"https:\/\/api.w.org\/{rel}","templated":true}]}}